{"id":788,"date":"2025-05-06T19:08:16","date_gmt":"2025-05-06T19:08:16","guid":{"rendered":"https:\/\/cozumelexcursionsmx.com\/acerca-de-nosotros\/"},"modified":"2025-07-07T12:10:44","modified_gmt":"2025-07-07T12:10:44","slug":"acerca-de-nosotros","status":"publish","type":"page","link":"https:\/\/cozumelexcursionsmx.com\/es\/acerca-de-nosotros\/","title":{"rendered":"Acerca de nosotros"},"content":{"rendered":"\t\t<div data-elementor-type=\"wp-page\" data-elementor-id=\"788\" class=\"elementor elementor-788 elementor-276\" data-elementor-post-type=\"page\">\n\t\t\t\t<div class=\"elementor-element elementor-element-2f250a6 e-con-full e-flex e-con e-parent\" data-id=\"2f250a6\" data-element_type=\"container\" data-e-type=\"container\">\n\t\t\t\t<div class=\"elementor-element elementor-element-e4580b7 elementor-widget elementor-widget-html\" data-id=\"e4580b7\" data-element_type=\"widget\" data-e-type=\"widget\" data-widget_type=\"html.default\">\n\t\t\t\t<div class=\"elementor-widget-container\">\n\t\t\t\t\t<!-- ABOUT US PAGE - COZUMEL EXCURSIONS -->\r\n<section class=\"czex-about-container\">\r\n  <!-- Hero Section -->\r\n  <div class=\"czex-about-hero\">\r\n    <div class=\"czex-hero-overlay\"><\/div>\r\n    <div class=\"czex-hero-content\">\r\n      <h1 class=\"czex-hero-title\">Nuestra historia de Cozumel<\/h1>\r\n      <div class=\"czex-title-accent\"><\/div>\r\n      <p class=\"czex-hero-tagline\">Un negocio familiar que comparte la isla que amamos<\/p>\r\n    <\/div>\r\n  <\/div>\r\n  \r\n  <!-- Introduction Section -->\r\n  <div class=\"czex-intro-container\">\r\n    <div class=\"czex-intro-content\">\r\n      <div class=\"czex-intro-card\">\r\n        <div class=\"czex-card-header\">\r\n          <div class=\"czex-card-icon\">\r\n            <i class=\"fas fa-heart\"><\/i>\r\n          <\/div>\r\n          <h2 class=\"czex-card-title\">De nuestra familia a la suya<\/h2>\r\n        <\/div>\r\n        <p class=\"czex-card-text\">Bienvenido a Cozumel Excursions, un negocio familiar de propiedad local nacido de nuestra pasi\u00f3n por esta hermosa isla. Durante m\u00e1s de 15 a\u00f1os, hemos compartido los aut\u00e9nticos tesoros de Cozumel con visitantes de todo el mundo. <\/p>\r\n        <p class=\"czex-card-text\">Nuestro equipo est\u00e1 formado por gu\u00edas locales que nacieron y se criaron en esta isla, aportando un conocimiento inigualable y perspectivas aut\u00e9nticas a cada excursi\u00f3n que ofrecemos.<\/p>\r\n      <\/div>\r\n    <\/div>\r\n    <div class=\"czex-family-image\">\r\n      <div class=\"czex-image-frame\">\r\n        <img decoding=\"async\" src=\"https:\/\/cozumelexcursionsmx.com\/wp-content\/uploads\/2025\/04\/cozumel-toursexcursions.webp\" alt=\"Equipo familiar de Cozumel Excursions\" class=\"czex-team-image\" title=\"\">\r\n      <\/div>\r\n    <\/div>\r\n  <\/div>\r\n\r\n  <!-- Values Section -->\r\n  <div class=\"czex-values-section\">\r\n    <div class=\"czex-values-container\">\r\n      <h2 class=\"czex-section-title\">Lo que nos hace diferentes<\/h2>\r\n      <div class=\"czex-title-accent czex-center-accent\"><\/div>\r\n      \r\n      <div class=\"czex-values-grid\">\r\n        <div class=\"czex-value-card\">\r\n          <div class=\"czex-value-icon\">\r\n            <i class=\"fas fa-map-marked-alt\"><\/i>\r\n          <\/div>\r\n          <h3 class=\"czex-value-title\">Experiencia local<\/h3>\r\n          <p class=\"czex-value-text\">Nuestros gu\u00edas conocen lugares secretos y joyas ocultas que solo los lugare\u00f1os pueden revelar, creando experiencias \u00fanicas m\u00e1s all\u00e1 de las t\u00edpicas rutas tur\u00edsticas.<\/p>\r\n        <\/div>\r\n        \r\n        <div class=\"czex-value-card\">\r\n          <div class=\"czex-value-icon\">\r\n            <i class=\"fas fa-users\"><\/i>\r\n          <\/div>\r\n          <h3 class=\"czex-value-title\">De propiedad familiar<\/h3>\r\n          <p class=\"czex-value-text\">Como empresa familiar, tratamos a cada hu\u00e9sped como parte de nuestra familia extendida, brindando atenci\u00f3n y cuidado personal durante todo su viaje.<\/p>\r\n        <\/div>\r\n        \r\n        <div class=\"czex-value-card\">\r\n          <div class=\"czex-value-icon\">\r\n            <i class=\"fas fa-hand-holding-heart\"><\/i>\r\n          <\/div>\r\n          <h3 class=\"czex-value-title\">Conexi\u00f3n con la comunidad<\/h3>\r\n          <p class=\"czex-value-text\">Apoyamos a las comunidades locales y las pr\u00e1cticas de turismo sostenible, asegurando que su visita tenga un impacto positivo en nuestra isla natal.<\/p>\r\n        <\/div>\r\n        \r\n        <div class=\"czex-value-card\">\r\n          <div class=\"czex-value-icon\">\r\n            <i class=\"fas fa-star\"><\/i>\r\n          <\/div>\r\n          <h3 class=\"czex-value-title\">Garant\u00eda de excelencia<\/h3>\r\n          <p class=\"czex-value-text\">Nuestras experiencias constantemente calificadas con 5 estrellas reflejan nuestro compromiso de superar las expectativas en cada excursi\u00f3n que dirigimos.<\/p>\r\n        <\/div>\r\n      <\/div>\r\n    <\/div>\r\n  <\/div>\r\n  \r\n  <!-- Team Section with Parallax -->\r\n  <div class=\"czex-parallax-section\">\r\n    <div class=\"czex-parallax-overlay\"><\/div>\r\n    <div class=\"czex-parallax-content\">\r\n      <h2 class=\"czex-parallax-title\">Conozca a nuestra familia de Cozumel<\/h2>\r\n      <p class=\"czex-parallax-text\">Nuestro apasionado equipo de gu\u00edas locales certificados aporta d\u00e9cadas de experiencia combinada e infinito entusiasmo a cada excursi\u00f3n. No solo trabajamos aqu\u00ed, sino que nacimos aqu\u00ed, vivimos aqu\u00ed y nos encanta compartir nuestra isla con usted. <\/p>\r\n    <\/div>\r\n  <\/div>\r\n  \r\n  <!-- Vision Section -->\r\n  <div class=\"czex-vision-section\">\r\n    <div class=\"czex-vision-container\">\r\n      <div class=\"czex-vision-content\">\r\n        <h2 class=\"czex-vision-title\">Nuestra promesa para usted<\/h2>\r\n        <div class=\"czex-title-accent\"><\/div>\r\n        <p class=\"czex-vision-text\">En Cozumel Excursions, prometemos experiencias aut\u00e9nticas que van m\u00e1s all\u00e1 de lo ordinario. Estamos comprometidos a mostrarle el verdadero Cozumel: su belleza natural, su rica cultura y su gente c\u00e1lida. <\/p>\r\n        <p class=\"czex-vision-text\">Ya sea que est\u00e9 buceando en aguas cristalinas, explorando antiguas ruinas mayas o disfrutando de la cocina local, nos aseguramos de que cada momento cree recuerdos que duren toda la vida.<\/p>\r\n        <div class=\"czex-cta-container\">\r\n          <a href=\"https:\/\/cozumelexcursionsmx.com\/es\/mejores-tours-de-cozumel\/\" class=\"czex-cta-button\">\r\n            <span>Descubra nuestros tours<\/span>\r\n            <i class=\"fas fa-arrow-right\"><\/i>\r\n          <\/a>\r\n        <\/div>\r\n      <\/div>\r\n    <\/div>\r\n  <\/div>\r\n  \r\n  <!-- Testimonial Section -->\r\n  <div class=\"czex-testimonial-section\">\r\n    <div class=\"czex-testimonial-container\">\r\n      <div class=\"czex-testimonial-card\">\r\n        <div class=\"czex-quote-icon\">\r\n          <i class=\"fas fa-quote-left\"><\/i>\r\n        <\/div>\r\n        <p class=\"czex-testimonial-text\">Sentimos que est\u00e1bamos de gira con amigos en lugar de gu\u00edas. Su pasi\u00f3n por Cozumel es contagiosa y nos mostraron lugares que nunca hubi\u00e9ramos descubierto por nuestra cuenta. \u00a1\u00a1Fueron lo m\u00e1s destacado de nuestro viaje!!  <\/p>\r\n        <div class=\"czex-testimonial-author\">\r\n          <div class=\"czex-author-rating\">\r\n            <i class=\"fas fa-star\"><\/i>\r\n            <i class=\"fas fa-star\"><\/i>\r\n            <i class=\"fas fa-star\"><\/i>\r\n            <i class=\"fas fa-star\"><\/i>\r\n            <i class=\"fas fa-star\"><\/i>\r\n          <\/div>\r\n          <p class=\"czex-author-name\">\u2014 Michael &amp; Sarah, Chicago<\/p>\r\n        <\/div>\r\n      <\/div>\r\n    <\/div>\r\n  <\/div>\r\n  \r\n  <!-- Final CTA Section -->\r\n  <div class=\"czex-final-cta\">\r\n    <div class=\"czex-final-content\">\r\n      <h2 class=\"czex-final-title\">\u00bfListo para experimentar el Cozumel real?<\/h2>\r\n      <p class=\"czex-final-text\">\u00danase a nuestra familia para una aventura inolvidable<\/p>\r\n      <div class=\"czex-final-buttons\">\r\n        <a href=\"https:\/\/cozumelexcursionsmx.com\/es\/mejores-tours-de-cozumel\/\" class=\"czex-primary-button\">Explore nuestros tours<\/a>\r\n        <a href=\"https:\/\/cozumelexcursionsmx.com\/es\/contacto\/\" class=\"czex-secondary-button\">Cont\u00e1ctenos<\/a>\r\n      <\/div>\r\n    <\/div>\r\n  <\/div>\r\n<\/section>\r\n\r\n<style>\r\n\/* Base Styles with Prefix to Avoid Conflicts *\/\r\n.czex-about-container {\r\n  font-family: inherit;\r\n  color: #333;\r\n  line-height: 1.6;\r\n  overflow-x: hidden;\r\n}\r\n\r\n\/* Hero Section *\/\r\n.czex-about-hero {\r\n  position: relative;\r\n  height: 500px;\r\n  background-image: url('https:\/\/cozumelexcursionsmx.com\/wp-content\/uploads\/2025\/04\/cozumel-toursexcursions.webp');\r\n  background-size: cover;\r\n  background-position: center;\r\n  background-attachment: fixed;\r\n  display: flex;\r\n  align-items: center;\r\n  justify-content: center;\r\n  text-align: center;\r\n}\r\n\r\n.czex-hero-overlay {\r\n  position: absolute;\r\n  top: 0;\r\n  left: 0;\r\n  width: 100%;\r\n  height: 100%;\r\n  background: linear-gradient(135deg, rgba(0,102,204,0.7) 0%, rgba(0,188,212,0.7) 100%);\r\n}\r\n\r\n.czex-hero-content {\r\n  position: relative;\r\n  z-index: 2;\r\n  padding: 0 20px;\r\n  max-width: 800px;\r\n}\r\n\r\n.czex-hero-title {\r\n  font-size: 4rem;\r\n  font-weight: 800;\r\n  color: white;\r\n  margin: 0 0 20px;\r\n  letter-spacing: -0.5px;\r\n}\r\n\r\n.czex-title-accent {\r\n  width: 80px;\r\n  height: 4px;\r\n  background: white;\r\n  margin-bottom: 25px;\r\n}\r\n\r\n.czex-center-accent {\r\n  margin-left: auto;\r\n  margin-right: auto;\r\n}\r\n\r\n.czex-hero-tagline {\r\n  font-size: 1.5rem;\r\n  color: white;\r\n  margin: 0;\r\n  font-weight: 400;\r\n}\r\n\r\n\/* Introduction Section *\/\r\n.czex-intro-container {\r\n  display: grid;\r\n  grid-template-columns: 1fr 1fr;\r\n  gap: 50px;\r\n  max-width: 1200px;\r\n  margin: -70px auto 0;\r\n  padding: 0 20px;\r\n  position: relative;\r\n  z-index: 3;\r\n}\r\n\r\n.czex-intro-content {\r\n  display: flex;\r\n  align-items: center;\r\n}\r\n\r\n.czex-intro-card {\r\n  background: white;\r\n  border-radius: 12px;\r\n  box-shadow: 0 15px 40px rgba(0,0,0,0.08);\r\n  padding: 40px;\r\n  transform: translateY(0);\r\n  transition: transform 0.3s ease, box-shadow 0.3s ease;\r\n}\r\n\r\n.czex-intro-card:hover {\r\n  transform: translateY(-5px);\r\n  box-shadow: 0 20px 50px rgba(0,0,0,0.12);\r\n}\r\n\r\n.czex-card-header {\r\n  display: flex;\r\n  align-items: center;\r\n  margin-bottom: 25px;\r\n}\r\n\r\n.czex-card-icon {\r\n  width: 50px;\r\n  height: 50px;\r\n  border-radius: 50%;\r\n  background: linear-gradient(135deg, #0066cc 0%, #00bcd4 100%);\r\n  display: flex;\r\n  align-items: center;\r\n  justify-content: center;\r\n  margin-right: 15px;\r\n  flex-shrink: 0;\r\n}\r\n\r\n.czex-card-icon i {\r\n  color: white;\r\n  font-size: 20px;\r\n}\r\n\r\n.czex-card-title {\r\n  font-size: 1.8rem;\r\n  font-weight: 700;\r\n  color: #222;\r\n  margin: 0;\r\n}\r\n\r\n.czex-card-text {\r\n  font-size: 1.1rem;\r\n  margin-bottom: 20px;\r\n  color: #555;\r\n}\r\n\r\n.czex-card-text:last-child {\r\n  margin-bottom: 0;\r\n}\r\n\r\n.czex-family-image {\r\n  display: flex;\r\n  align-items: center;\r\n  justify-content: center;\r\n}\r\n\r\n.czex-image-frame {\r\n  position: relative;\r\n  border-radius: 12px;\r\n  overflow: hidden;\r\n  box-shadow: 0 15px 40px rgba(0,0,0,0.1);\r\n  width: 100%;\r\n  height: 100%;\r\n  max-height: 500px;\r\n}\r\n\r\n.czex-image-frame::before {\r\n  content: '';\r\n  position: absolute;\r\n  top: 0;\r\n  left: 0;\r\n  width: 100%;\r\n  height: 100%;\r\n  background: linear-gradient(135deg, rgba(0,102,204,0.2) 0%, rgba(0,188,212,0.2) 100%);\r\n  z-index: 1;\r\n}\r\n\r\n.czex-team-image {\r\n  width: 100%;\r\n  height: 100%;\r\n  object-fit: cover;\r\n}\r\n\r\n\/* Values Section *\/\r\n.czex-values-section {\r\n  padding: 100px 0;\r\n  background-color: #f9f9f9;\r\n  margin-top: 80px;\r\n}\r\n\r\n.czex-values-container {\r\n  max-width: 1200px;\r\n  margin: 0 auto;\r\n  padding: 0 20px;\r\n  text-align: center;\r\n}\r\n\r\n.czex-section-title {\r\n  font-size: 2.5rem;\r\n  font-weight: 700;\r\n  color: #222;\r\n  margin: 0 0 20px;\r\n}\r\n\r\n.czex-values-grid {\r\n  display: grid;\r\n  grid-template-columns: repeat(auto-fit, minmax(250px, 1fr));\r\n  gap: 30px;\r\n  margin-top: 50px;\r\n}\r\n\r\n.czex-value-card {\r\n  background: white;\r\n  border-radius: 12px;\r\n  padding: 30px;\r\n  box-shadow: 0 10px 30px rgba(0,0,0,0.05);\r\n  transition: transform 0.3s ease, box-shadow 0.3s ease;\r\n  text-align: left;\r\n}\r\n\r\n.czex-value-card:hover {\r\n  transform: translateY(-5px);\r\n  box-shadow: 0 15px 35px rgba(0,0,0,0.1);\r\n}\r\n\r\n.czex-value-icon {\r\n  width: 60px;\r\n  height: 60px;\r\n  border-radius: 50%;\r\n  background: linear-gradient(135deg, #0066cc 0%, #00bcd4 100%);\r\n  display: flex;\r\n  align-items: center;\r\n  justify-content: center;\r\n  margin-bottom: 20px;\r\n}\r\n\r\n.czex-value-icon i {\r\n  color: white;\r\n  font-size: 24px;\r\n}\r\n\r\n.czex-value-title {\r\n  font-size: 1.3rem;\r\n  font-weight: 700;\r\n  color: #222;\r\n  margin: 0 0 15px;\r\n}\r\n\r\n.czex-value-text {\r\n  font-size: 1rem;\r\n  color: #555;\r\n  margin: 0;\r\n}\r\n\r\n\/* Parallax Section *\/\r\n.czex-parallax-section {\r\n  position: relative;\r\n  height: 400px;\r\n  background-image: url('https:\/\/cozumelexcursionsmx.com\/wp-content\/uploads\/2025\/04\/cozumel-toursexcursions.webp');\r\n  background-size: cover;\r\n  background-position: center;\r\n  background-attachment: fixed;\r\n  display: flex;\r\n  align-items: center;\r\n  justify-content: center;\r\n  text-align: center;\r\n}\r\n\r\n.czex-parallax-overlay {\r\n  position: absolute;\r\n  top: 0;\r\n  left: 0;\r\n  width: 100%;\r\n  height: 100%;\r\n  background: linear-gradient(135deg, rgba(0,102,204,0.8) 0%, rgba(0,188,212,0.8) 100%);\r\n}\r\n\r\n.czex-parallax-content {\r\n  position: relative;\r\n  z-index: 2;\r\n  max-width: 800px;\r\n  padding: 0 20px;\r\n}\r\n\r\n.czex-parallax-title {\r\n  font-size: 2.8rem;\r\n  font-weight: 700;\r\n  color: white;\r\n  margin: 0 0 20px;\r\n}\r\n\r\n.czex-parallax-text {\r\n  font-size: 1.2rem;\r\n  color: white;\r\n  margin: 0;\r\n  line-height: 1.6;\r\n}\r\n\r\n\/* Vision Section *\/\r\n.czex-vision-section {\r\n  padding: 100px 0;\r\n}\r\n\r\n.czex-vision-container {\r\n  max-width: 900px;\r\n  margin: 0 auto;\r\n  padding: 0 20px;\r\n}\r\n\r\n.czex-vision-title {\r\n  font-size: 2.5rem;\r\n  font-weight: 700;\r\n  color: #222;\r\n  margin: 0 0 20px;\r\n}\r\n\r\n.czex-vision-text {\r\n  font-size: 1.2rem;\r\n  color: #555;\r\n  margin-bottom: 20px;\r\n  line-height: 1.7;\r\n}\r\n\r\n.czex-cta-container {\r\n  margin-top: 40px;\r\n}\r\n\r\n.czex-cta-button {\r\n  display: inline-flex;\r\n  align-items: center;\r\n  background: linear-gradient(135deg, #0066cc 0%, #00bcd4 100%);\r\n  color: white;\r\n  text-decoration: none;\r\n  padding: 15px 30px;\r\n  border-radius: 50px;\r\n  font-weight: 600;\r\n  transition: transform 0.3s ease, box-shadow 0.3s ease;\r\n  box-shadow: 0 5px 15px rgba(0, 102, 204, 0.3);\r\n}\r\n\r\n.czex-cta-button:hover {\r\n  transform: translateY(-3px);\r\n  box-shadow: 0 8px 25px rgba(0, 102, 204, 0.4);\r\n}\r\n\r\n.czex-cta-button span {\r\n  margin-right: 10px;\r\n}\r\n\r\n\/* Testimonial Section *\/\r\n.czex-testimonial-section {\r\n  padding: 70px 0;\r\n  background-color: #f9f9f9;\r\n}\r\n\r\n.czex-testimonial-container {\r\n  max-width: 900px;\r\n  margin: 0 auto;\r\n  padding: 0 20px;\r\n}\r\n\r\n.czex-testimonial-card {\r\n  background: white;\r\n  border-radius: 12px;\r\n  padding: 40px;\r\n  box-shadow: 0 15px 40px rgba(0,0,0,0.08);\r\n  position: relative;\r\n}\r\n\r\n.czex-quote-icon {\r\n  position: absolute;\r\n  top: 30px;\r\n  left: 40px;\r\n  font-size: 2.5rem;\r\n  color: #00bcd4;\r\n  opacity: 0.2;\r\n}\r\n\r\n.czex-testimonial-text {\r\n  font-size: 1.3rem;\r\n  color: #444;\r\n  margin: 0 0 30px;\r\n  line-height: 1.7;\r\n  padding-left: 40px;\r\n  position: relative;\r\n  z-index: 1;\r\n}\r\n\r\n.czex-testimonial-author {\r\n  text-align: right;\r\n}\r\n\r\n.czex-author-rating {\r\n  margin-bottom: 10px;\r\n}\r\n\r\n.czex-author-rating i {\r\n  color: #FFD700;\r\n  font-size: 1.1rem;\r\n  margin-left: 3px;\r\n}\r\n\r\n.czex-author-name {\r\n  font-weight: 600;\r\n  color: #555;\r\n  font-size: 1.1rem;\r\n  margin: 0;\r\n}\r\n\r\n\/* Final CTA Section *\/\r\n.czex-final-cta {\r\n  padding: 80px 0;\r\n  background: linear-gradient(135deg, #0066cc 0%, #00bcd4 100%);\r\n  text-align: center;\r\n}\r\n\r\n.czex-final-content {\r\n  max-width: 800px;\r\n  margin: 0 auto;\r\n  padding: 0 20px;\r\n}\r\n\r\n.czex-final-title {\r\n  font-size: 2.8rem;\r\n  font-weight: 700;\r\n  color: white;\r\n  margin: 0 0 15px;\r\n}\r\n\r\n.czex-final-text {\r\n  font-size: 1.3rem;\r\n  color: rgba(255,255,255,0.9);\r\n  margin: 0 0 40px;\r\n}\r\n\r\n.czex-final-buttons {\r\n  display: flex;\r\n  justify-content: center;\r\n  gap: 20px;\r\n}\r\n\r\n.czex-primary-button, .czex-secondary-button {\r\n  display: inline-block;\r\n  padding: 16px 35px;\r\n  border-radius: 50px;\r\n  font-weight: 600;\r\n  font-size: 1.1rem;\r\n  text-decoration: none;\r\n  transition: transform 0.3s ease, box-shadow 0.3s ease;\r\n}\r\n\r\n.czex-primary-button {\r\n  background: white;\r\n  color: #0066cc;\r\n  box-shadow: 0 5px 15px rgba(0,0,0,0.1);\r\n}\r\n\r\n.czex-primary-button:hover {\r\n  transform: translateY(-3px);\r\n  box-shadow: 0 8px 25px rgba(0,0,0,0.15);\r\n}\r\n\r\n.czex-secondary-button {\r\n  background: transparent;\r\n  color: white;\r\n  border: 2px solid white;\r\n}\r\n\r\n.czex-secondary-button:hover {\r\n  transform: translateY(-3px);\r\n  background: rgba(255,255,255,0.1);\r\n}\r\n\r\n\/* Responsive Design *\/\r\n@media (max-width: 992px) {\r\n  .czex-intro-container {\r\n    grid-template-columns: 1fr;\r\n    gap: 40px;\r\n  }\r\n  \r\n  .czex-family-image {\r\n    order: -1;\r\n  }\r\n  \r\n  .czex-image-frame {\r\n    max-height: 400px;\r\n  }\r\n  \r\n  .czex-hero-title {\r\n    font-size: 3.5rem;\r\n  }\r\n  \r\n  .czex-parallax-title, .czex-final-title {\r\n    font-size: 2.5rem;\r\n  }\r\n}\r\n\r\n@media (max-width: 768px) {\r\n  .czex-about-hero {\r\n    height: 400px;\r\n  }\r\n  \r\n  .czex-hero-title {\r\n    font-size: 3rem;\r\n  }\r\n  \r\n  .czex-hero-tagline {\r\n    font-size: 1.3rem;\r\n  }\r\n  \r\n  .czex-intro-card, .czex-testimonial-card {\r\n    padding: 30px;\r\n  }\r\n  \r\n  .czex-card-title, .czex-section-title, .czex-vision-title {\r\n    font-size: 2rem;\r\n  }\r\n  \r\n  .czex-parallax-section {\r\n    height: auto;\r\n    padding: 70px 0;\r\n    background-attachment: scroll;\r\n  }\r\n  \r\n  .czex-values-section, .czex-vision-section {\r\n    padding: 70px 0;\r\n  }\r\n  \r\n  .czex-final-buttons {\r\n    flex-direction: column;\r\n    gap: 15px;\r\n  }\r\n  \r\n  .czex-primary-button, .czex-secondary-button {\r\n    width: 100%;\r\n  }\r\n}\r\n\r\n@media (max-width: 480px) {\r\n  .czex-hero-title {\r\n    font-size: 2.5rem;\r\n  }\r\n  \r\n  .czex-hero-tagline {\r\n    font-size: 1.1rem;\r\n  }\r\n  \r\n  .czex-about-hero {\r\n    height: 350px;\r\n  }\r\n  \r\n  .czex-card-header {\r\n    flex-direction: column;\r\n    text-align: center;\r\n  }\r\n  \r\n  .czex-card-icon {\r\n    margin: 0 0 15px;\r\n  }\r\n  \r\n  .czex-card-title, .czex-section-title, .czex-vision-title, .czex-parallax-title, .czex-final-title {\r\n    font-size: 1.8rem;\r\n  }\r\n  \r\n  .czex-testimonial-text {\r\n    font-size: 1.1rem;\r\n    padding-left: 0;\r\n  }\r\n  \r\n  .czex-quote-icon {\r\n    position: static;\r\n    text-align: left;\r\n    margin-bottom: 15px;\r\n  }\r\n}\r\n<\/style>\t\t\t\t<\/div>\n\t\t\t\t<\/div>\n\t\t\t\t<\/div>\n\t\t\t\t<\/div>\n\t\t","protected":false},"excerpt":{"rendered":"<p>Nuestra historia de Cozumel Un negocio familiar que comparte la isla que amamos De nuestra familia a la suya Bienvenido a Cozumel Excursions, un negocio familiar de propiedad local nacido de nuestra pasi\u00f3n por esta hermosa isla. Durante m\u00e1s de 15 a\u00f1os, hemos compartido los aut\u00e9nticos tesoros de Cozumel con visitantes de todo el mundo. [&hellip;]<\/p>\n","protected":false},"author":2,"featured_media":0,"parent":0,"menu_order":0,"comment_status":"closed","ping_status":"closed","template":"elementor_header_footer","meta":{"footnotes":""},"class_list":["post-788","page","type-page","status-publish","hentry"],"_links":{"self":[{"href":"https:\/\/cozumelexcursionsmx.com\/es\/wp-json\/wp\/v2\/pages\/788","targetHints":{"allow":["GET"]}}],"collection":[{"href":"https:\/\/cozumelexcursionsmx.com\/es\/wp-json\/wp\/v2\/pages"}],"about":[{"href":"https:\/\/cozumelexcursionsmx.com\/es\/wp-json\/wp\/v2\/types\/page"}],"author":[{"embeddable":true,"href":"https:\/\/cozumelexcursionsmx.com\/es\/wp-json\/wp\/v2\/users\/2"}],"replies":[{"embeddable":true,"href":"https:\/\/cozumelexcursionsmx.com\/es\/wp-json\/wp\/v2\/comments?post=788"}],"version-history":[{"count":3,"href":"https:\/\/cozumelexcursionsmx.com\/es\/wp-json\/wp\/v2\/pages\/788\/revisions"}],"predecessor-version":[{"id":794,"href":"https:\/\/cozumelexcursionsmx.com\/es\/wp-json\/wp\/v2\/pages\/788\/revisions\/794"}],"wp:attachment":[{"href":"https:\/\/cozumelexcursionsmx.com\/es\/wp-json\/wp\/v2\/media?parent=788"}],"curies":[{"name":"wp","href":"https:\/\/api.w.org\/{rel}","templated":true}]}}